{"id":1412,"date":"2021-10-27T13:37:04","date_gmt":"2021-10-27T11:37:04","guid":{"rendered":"http:\/\/jonglirium.com\/?page_id=1412"},"modified":"2021-10-27T13:37:04","modified_gmt":"2021-10-27T11:37:04","slug":"datenschutzrichtlinien-2","status":"publish","type":"page","link":"https:\/\/jonglirium.com\/index.php\/de\/ueber-uns\/datenschutzrichtlinien-2\/","title":{"rendered":"Datenschutzrichtlinien"},"content":{"rendered":"\n<p>Datenschutz ist uns ein wichtiges Anliegen, und selbstverst\u00e4ndlich halten wir uns an die geltenden datenschutzrechtlichen Vorgaben. Wir m\u00f6chten dich daher nachfolgend \u00fcber die mit dem Besuch dieser Website verbundene Verarbeitung von personenbezogenen&nbsp; Daten aufkl\u00e4ren und dich \u00fcber deine entsprechenden Rechte informieren:<\/p>\n\n\n\n<h3><br>Verantwortlicher f\u00fcr die Datenverarbeitung:<\/h3>\n\n\n\n<p>Verantwortlicher im Sinne des Art. 4 Nr. 7 DSGVO, an den du dich bei Fragen oder einem anderen Anliegen zum Datenschutz wenden kannst, ist:<br>Jonglirium e.V.<br>(vertreten durch den Vorstand gem. \u00a7 26 BGB: Felix Fischer &amp; Richard Kimberley)<br>Koppenstr. 25, 10243 Berlin c.\/o.: Konstantin Grimm<\/p>\n\n\n\n<p>jonglirium [at] gmail.com<\/p>\n\n\n\n<p>Ansprechpartner f\u00fcr die Internet Pr\u00e4senz: Felix Fischer &#8211; felix@jonglirium.com<\/p>\n\n\n\n<h3>Welche Daten werden erfasst und verarbeitet?<\/h3>\n\n\n\n<p>Beim Besuch unserer Website werden auf verschiedene Weise personenbezogene Daten der Nutzer erfasst. Personenbezogene Daten sind solche Daten, mit denen eine nat\u00fcrliche Person identifiziert werden kann. Dazu geh\u00f6ren beispielsweise der Name des Betroffenen, seine Wohnadresse, seine Telefonnummer oder auch sein Geburtsdatum.<br>Wenn du unsere Seite aufrufst, werden zum einen durch Ihren Browser automatisch Informationen an den Server unserer Website gesendet, sog. Zugriffsdaten bzw. Server- Logfiles, wie z.B. der verwendete Webbrowser und das verwendete Betriebssystem, der Domain-Name deines Internet-Providers, deine IP-Adresse oder auch der sog. Zeitstempel, also der genaue Zeitpunkt und die Dauer deines Besuchs. Diese Daten m\u00fcssen notwendigerweise erfasst werden, um technisch eine Darstellung und Verbindung herzustellen. Eine Datenauswertung erfolgt jedoch nicht, auch nicht in anonymisierter Form.<br>Dar\u00fcber hinaus erfassen wir diejenigen personenbezogenen Daten, die du selbst bewusst&nbsp; auf unserer Homepage angibst.<\/p>\n\n\n\n<p>Zusammenfassend handelt es sich um folgende Kategorien von Daten:<br>o Kontaktdaten die du explizit an uns weitergibst (Name, Adresse, E-Mail-Adresse, Telefonnummer, etc.)<br>o Zahlungs- bzw. Bankverbindungsdaten (Evtl. bei Online-Spenden abgefragt)<br>o inhaltliche Daten (an uns gesendete &amp; eingestellte Texte und \u00fcbersandte Nachrichten, eingestellte Fotos, ggf. Videos)<br>o Kommunikationsdaten (Ger\u00e4te-Informationen, IP-Adresse)<br>o Nutzungsdaten (besuchte Website, Nutzungsdauer etc.)<\/p>\n\n\n\n<h3>Rechtsgrundlage f\u00fcr die Verarbeitung:<\/h3>\n\n\n\n<p>Als ma\u00dfgebliche Rechtsgrundlagen f\u00fcr die Zul\u00e4ssigkeit der Verarbeitung dienen die EU-Datenschutzgrundverordnung vom 27.04.2016 sowie das Bundesdatenschutzgesetz i.d.F. v. 30.06.2017. Die Rechtm\u00e4\u00dfigkeit der Datenerfassung ergibt sich aus Art. 6 DSGVO. Soweit die Datenverarbeitung aufgrund einer ausdr\u00fccklichen Einwilligung erfolgt, dient Abs. 1 a) der genannten Norm als Rechtsgrundlage (ggf. auch Art. 9 Abs. 2 a) DSGVO bei Gesundheits-daten).<br>Soweit wir im Einzelfall zur Datenverarbeitung rechtlich verpflichtet sind, ist hierf\u00fcr Art. 6 Abs. 1 c) DSGVO Grundlage; im dem Fall, dass die Verarbeitung der Wahrung unserer berechtigten Interessen dient, Art. 6 Abs. 1 f) DSGVO.<\/p>\n\n\n\n<h3>Zweck und Dauer der Datenverarbeitung:<\/h3>\n\n\n\n<p>Die automatische Erfassung deiner Nutzer- und Kommunikationsdaten beim Besuch unserer Website dient notwendigerweise der Herstellung der technischen Verbindung und Nutzbarkeit unserer Website. Soweit du uns \u00fcber die Seite eine E-Mail schickst, dient die Erfassung der in diesem Zusammenhang bekannt gegebenen Kontaktdaten (in der Regel nur Name und E-Mail-Adresse) lediglich der entsprechenden R\u00fcckmeldung unsererseits.<br>Eventuelle zus\u00e4tzliche Angaben, die Sie uns \u00fcbermitteln, werden allein dem Zweck und Anlass entsprechend verarbeitet. Nach Wegfall des Grundes f\u00fcr die Speicherung, werden die Daten unverz\u00fcglich gel\u00f6scht oder \u2013 sofern im Einzelfall erforderlich \u2013 gesperrt.<\/p>\n\n\n\n<p>Eine&nbsp; Weitergabe dieser Daten an Dritte erfolgt nicht, es sei denn, das einzelne Mitglied hat sich z.B. zwecks Kontaktherstellung ausdr\u00fccklich mit der Weitergabe der Daten an andere Mitglieder einverstanden erkl\u00e4rt. Eine dar\u00fcber hinausgehende Weitergabe an andere Dritte findet nicht statt. Das Mitglied hat das Recht, seine Einwilligung auf Speicherung sowie auf Weitergabe jederzeit zu widerrufen.<\/p>\n\n\n\n<h3>Weitergabe von personenbezogenen Daten:<\/h3>\n\n\n\n<p>Die von dir \u00fcbermittelten personenbezogenen Daten werden an Dritte nur dann weitergegeben, wenn<br>o hierzu deine ausdr\u00fcckliche Einwilligung vorliegt (Art. 6 Abs. 1 a) DSGVO), die Weitergabe zur Geltendmachung, Aus\u00fcbung oder Verteidigung von Rechts- anspr\u00fcchen erforderlich ist und kein Grund zur Annahme besteht, dass Sie ein&nbsp; \u00fcberwiegendes schutzw\u00fcrdiges Interesse daran haben, dass Ihre Daten nicht weitergegeben werden (Art. 6 Abs. 1 f) DSGVO),<br>o eine gesetzliche Verpflichtung zur Weitergabe besteht (Art. 6 Abs. 1 c) DSGVO) oder<br>o dies gesetzlich zul\u00e4ssig und f\u00fcr die Abwicklung von Vertragsverh\u00e4ltnissen mit dir erforderlich ist (Art. 6 Abs. 1 b) DSGVO).<\/p>\n\n\n\n<h3>Datensicherheit:<\/h3>\n\n\n\n<p>Wir versichern, dass wir die nach Art. 32 DSGVO erforderlichen technischen sowie organisatorischen Ma\u00dfnahmen ergriffen haben, um ein dem Risiko f\u00fcr die Rechte und Freiheiten des Nutzers angemessenes Schutzniveau zu gew\u00e4hrleisten. Dies betrifft&nbsp; insbesondere die Auswahl der verwendeten Hard- und Software sowie die innerorganisatorische Kontrolle und Zugriffsberechtigung. Nichtsdestotrotz wird vorsorglich darauf hingewiesen, dass die Daten\u00fcbertragung im Internet (z.B. per E-Mail) immer gewisse Sicherheitsl\u00fccken aufweisen und nicht vollumf\u00e4nglich vor dem Zugriff durch Dritte gesch\u00fctzt werden kann.<\/p>\n\n\n\n<h3><br>Rechte des Betroffenen:<\/h3>\n\n\n\n<p>Du hast hinsichtlich der Verarbeitung deiner personenbezogenen Daten nach den geltenden datenschutzrechtlichen Bestimmungen insbesondere einen Anspruch auf<\/p>\n\n\n\n<p>o Information und Auskunft \u00fcber die von uns vorgenommene Verarbeitung deiner personenbezogenen Daten (Art. 15 DSGVO),<br>o auf Berichtigung und Vervollst\u00e4ndigung bez\u00fcglich unrichtiger bzw. unvollst\u00e4ndiger Daten (Art. 16 DSGVO) und<br>o auf L\u00f6schung nach Ma\u00dfgabe des Art. 17 DSGVO bzw. auf Einschr\u00e4nkung nach Art. 18 DSGVO.<\/p>\n\n\n\n<h3>Widerspruch und Widerruf von Einwilligungen:<\/h3>\n\n\n\n<p>Soweit deine personenbezogenen Daten im Rahmen des Art. 6 Abs. 1 f) DSGVO erhoben und verarbeitet werden (d.h. bei Vorliegen berechtigter Interessen des Verantwortlichen), hast du nach Art. 21 DSGVO das Recht, hiergegen jederzeit Widerspruch einzulegen, wenn insoweit Gr\u00fcnde bestehen, die sich aus deiner besonderen Situation ergeben, oder wenn sich der Widerspruch gegen eine Direktwerbung richtet.<br>Soweit eine Datenverarbeitung aufgrund deiner diesbez\u00fcglichen vorherigen Einwilligung erfolgt ist, steht es dir jederzeit frei, deine Einwilligung in den betreffenden Datenverarbeitungsvorgang zu widerrufen.<br>Sowohl f\u00fcr den Widerspruch als auch f\u00fcr den Widerruf gen\u00fcgt eine einfache Mitteilung per E-Mail an uns. Die betreffenden personenbezogenen Daten werden dann unverz\u00fcglich&nbsp; gel\u00f6scht.<\/p>\n\n\n\n<h3>Beschwerderecht:<\/h3>\n\n\n\n<p>Nach Art. 77 DSGVO hat ein Betroffener im Falle eines datenschutzrechtlichen Versto\u00dfes das Recht, sich mit einer entsprechenden Beschwerde an die zust\u00e4ndige Aufsichtsbeh\u00f6rde zu wenden. Hierbei handelt es sich um den Datenschutzbeauftragten des Landes Sachsen-Anhalt.<\/p>\n\n\n\n<h3>Verschl\u00fcsselung:<\/h3>\n\n\n\n<p>Aus Sicherheitsgr\u00fcnden werden wir in Zukunft evtl. auf unserer Seite eine SSL- bzw. TLS-Verschl\u00fcsselung nutzen, was<br>Sie ggf. an dem Schloss-Symbol in der Browserzeile sowie an der Abk\u00fcrzung \u201ehttps:\/\/\u201c (statt \u201ehttp:\/\/\u201c) erkennen k\u00f6nnen. Ist die Verschl\u00fcsselung aktiv, k\u00f6nnen Daten bzw. inhaltliche Angaben, die Sie an uns \u00fcbermitteln, von Dritten nicht mitgelesen werden.<\/p>\n\n\n\n<h3>Cookies:<\/h3>\n\n\n\n<p>Um die Nutzung bestimmter Funktionen auf unserer Webseite zu erm\u00f6glichen, verwenden wir sog. Cookies. Hierbei handelt es sich um kleine Textdateien, die auf deinem Rechner abgelegt werden, um dich bei deinem n\u00e4chsten Besuch auf unserer Internetseite wiederzuerkennen. Sie ersparen dir dann z.B. die wiederholte Eingabe von Daten und erleichtern zugleich die \u00dcbermittlung bestimmter Inhalte der Webseite. Cookies richten auf deinem Computer keinen Schaden an und enthalten auch keine Computerviren. Selbstverst\u00e4ndlich kannst du den Einsatz dieser Cookies verweigern; insoweit bitten wir dich,&nbsp; die Cookies bei den Sicherheitseinstellungen Ihres Browsers zu deaktivieren. Auch ist es m\u00f6glich, Cookies \u2013 soweit sie nach Beendigung deines Besuches auf unserer Homepage ohnehin nicht automatisch gel\u00f6scht werden \u2013 im Nachgang zu l\u00f6schen. Wir weisen allerdings darauf hin, dass die Nichtaktivierung von Cookies zu Einschr\u00e4nkungen bei den betreffenden Funktionen f\u00fchren kann.<\/p>\n\n\n\n<h3><br>Dienste und Inhalte anderer Anbieter:<\/h3>\n\n\n\n<p>Auf unserer Internetseite kannst du Dienste und Inhalte anderer Anbieter nutzen, etwa Karten von Google-Maps \/ open street maps oder Videos von YouTube. Zur vollst\u00e4ndigen Darstellung der entsprechenden Inhalte ist es notwendig, deine IP-Adresse zu \u00fcbermitteln. Leider k\u00f6nnen wir keine Gew\u00e4hr daf\u00fcr \u00fcbernehmen, dass die IP-Adressen von den betreffenden Anbietern nicht gespeichert und verarbeitet werden. Es ist dann aber in der Regel davon auszugehen, dass eine Speicherung nur zu statistischen Zwecken stattfindet. Sollte uns bekannt werden, dass die betreffenden IP-Adressen tats\u00e4chlich gespeichert werden, wird ein entsprechender ausdr\u00fccklicher Hinweis an die Besucher unserer Webseite ergehen.<br>Soweit du eine Verlinkung auf unserer Webseite nutzt, die dich zu einer anderen Webseite weiterleitet, wird f\u00fcr die Rechtm\u00e4\u00dfigkeit der dortigen Inhalte und die dortige Einhaltung des Datenschutzes keine Haftung \u00fcbernommen. Insoweit ist ausschlie\u00dflich der Betreiber der &nbsp;entsprechenden Homepage verantwortlich.<\/p>\n\n\n\n<h3>Newsletter:<\/h3>\n\n\n\n<p>Wenn Sie den von uns angebotenen Newsletter beziehen m\u00f6chtest bitten wir dich, deine E-Mail Adresse und deinen Namen an der gekennzeichneten Stelle einzutragen, klicke einfach auf den Link. Du erh\u00e4lst dann dann eine entsprechende R\u00fcckantwort von uns mit der Bitte, die Bestellung des Newsletters nochmals kurz zu best\u00e4tigen und uns damit zugleich dein Einverst\u00e4ndnis mit der Speicherung und Nutzung Ihrer Kontaktdaten zur \u00dcbermittlung des Newsletters zu erteilen.<\/p>\n\n\n\n<p>Eine dar\u00fcber hinausgehende Verarbeitung deiner Daten findet nicht statt. Deine Einwilligung zur Speicherung und Nutzung deiner Daten kannst du jederzeit widerrufen. Hierzu gen\u00fcgt eine kurze E-Mail mit dem Hinweis, dass du den Newsletter abbestellen wollen. Deine Daten werden im Anschluss unverz\u00fcglich gel\u00f6scht. Davon bleiben Daten, die wir aufgrund eines anderen Rechtsgrundes gespeichert haben, unber\u00fchrt.<\/p>\n","protected":false},"excerpt":{"rendered":"<p>Datenschutz ist uns ein wichtiges Anliegen, und selbstverst\u00e4ndlich halten wir uns an die geltenden datenschutzrechtlichen Vorgaben. Wir m\u00f6chten dich daher nachfolgend \u00fcber die mit dem Besuch dieser Website verbundene Verarbeitung von personenbezogenen&nbsp; Daten aufkl\u00e4ren und dich \u00fcber deine entsprechenden Rechte informieren: Verantwortlicher f\u00fcr die Datenverarbeitung: Verantwortlicher im Sinne des Art. 4 Nr. 7 DSGVO, an [&hellip;]<\/p>\n","protected":false},"author":3,"featured_media":0,"parent":272,"menu_order":0,"comment_status":"closed","ping_status":"closed","template":"","meta":[],"_links":{"self":[{"href":"https:\/\/jonglirium.com\/index.php\/wp-json\/wp\/v2\/pages\/1412"}],"collection":[{"href":"https:\/\/jonglirium.com\/index.php\/wp-json\/wp\/v2\/pages"}],"about":[{"href":"https:\/\/jonglirium.com\/index.php\/wp-json\/wp\/v2\/types\/page"}],"author":[{"embeddable":true,"href":"https:\/\/jonglirium.com\/index.php\/wp-json\/wp\/v2\/users\/3"}],"replies":[{"embeddable":true,"href":"https:\/\/jonglirium.com\/index.php\/wp-json\/wp\/v2\/comments?post=1412"}],"version-history":[{"count":1,"href":"https:\/\/jonglirium.com\/index.php\/wp-json\/wp\/v2\/pages\/1412\/revisions"}],"predecessor-version":[{"id":1413,"href":"https:\/\/jonglirium.com\/index.php\/wp-json\/wp\/v2\/pages\/1412\/revisions\/1413"}],"up":[{"embeddable":true,"href":"https:\/\/jonglirium.com\/index.php\/wp-json\/wp\/v2\/pages\/272"}],"wp:attachment":[{"href":"https:\/\/jonglirium.com\/index.php\/wp-json\/wp\/v2\/media?parent=1412"}],"curies":[{"name":"wp","href":"https:\/\/api.w.org\/{rel}","templated":true}]}}