{"id":272,"date":"2017-09-18T15:50:33","date_gmt":"2017-09-18T13:50:33","guid":{"rendered":"http:\/\/jonglirium.com\/?page_id=272"},"modified":"2023-02-01T13:10:14","modified_gmt":"2023-02-01T12:10:14","slug":"ueber-uns","status":"publish","type":"page","link":"https:\/\/jonglirium.com\/index.php\/de\/ueber-uns\/","title":{"rendered":"\u00dcber uns!"},"content":{"rendered":"<p>Wir haben den gemeinn\u00fctzigen Verein Jonglirium e.V. im Fr\u00fchjahr 2010 gegr\u00fcndet um unser erstes Projekt 2wheels4change, einen sozialen Zirkus auf Fahrr\u00e4dern<i> <\/i>zu unterst\u00fctzen. Damals ist eine internationale Gruppe von K\u00fcnstlern und P\u00e4dagogen auf Fahrr\u00e4dern von Berlin bis in die Mongolei und weit dar\u00fcber hinaus geradelt. Unterwegs haben wir mit Kindern und Jugendlichen in schwierigen Verh\u00e4ltnissen (u.A. in Waisenheimen, auf der Stra\u00dfe, in Schulen und Jugendzentren). Wir nutzen Musik, Theater und Zirkus als Ausdrucksformen um Raum f\u00fcr neues Erleben zu schaffen &#8211; F\u00fcr Kinder und Jugendliche aber auch f\u00fcr Menschen jeden Alters.<\/p>\n<p><a href=\"http:\/\/jonglirium.com\/wp-content\/uploads\/2017\/07\/workshop002.jpg\"><img loading=\"lazy\" class=\"alignnone wp-image-165 size-medium\" src=\"http:\/\/jonglirium.com\/wp-content\/uploads\/2017\/07\/workshop002-300x200.jpg\" alt=\"\" width=\"300\" height=\"200\" srcset=\"https:\/\/jonglirium.com\/wp-content\/uploads\/2017\/07\/workshop002-300x200.jpg 300w, https:\/\/jonglirium.com\/wp-content\/uploads\/2017\/07\/workshop002-768x511.jpg 768w, https:\/\/jonglirium.com\/wp-content\/uploads\/2017\/07\/workshop002.jpg 922w\" sizes=\"(max-width: 300px) 100vw, 300px\" \/><\/a>\u00a0<a href=\"http:\/\/jonglirium.com\/wp-content\/uploads\/2017\/07\/workshop-russia.jpg\"><img loading=\"lazy\" class=\"alignnone wp-image-166 size-medium\" src=\"http:\/\/jonglirium.com\/wp-content\/uploads\/2017\/07\/workshop-russia-300x200.jpg\" alt=\"\" width=\"300\" height=\"200\" srcset=\"https:\/\/jonglirium.com\/wp-content\/uploads\/2017\/07\/workshop-russia-300x200.jpg 300w, https:\/\/jonglirium.com\/wp-content\/uploads\/2017\/07\/workshop-russia.jpg 768w\" sizes=\"(max-width: 300px) 100vw, 300px\" \/>\u00a0<\/a><a href=\"http:\/\/jonglirium.com\/wp-content\/uploads\/2017\/07\/kazakhstan01.jpg\"><img loading=\"lazy\" class=\"alignnone wp-image-164\" src=\"http:\/\/jonglirium.com\/wp-content\/uploads\/2017\/07\/kazakhstan01-300x225.jpg\" alt=\"\" width=\"267\" height=\"200\" srcset=\"https:\/\/jonglirium.com\/wp-content\/uploads\/2017\/07\/kazakhstan01-300x225.jpg 300w, https:\/\/jonglirium.com\/wp-content\/uploads\/2017\/07\/kazakhstan01.jpg 600w\" sizes=\"(max-width: 267px) 100vw, 267px\" \/><\/a><\/p>\n<p>Viele weitere Fahrradzirkusprojekte folgten die uns weit \u00fcber 100,000 km und durch mehr als 20 L\u00e4nder in Asien, Europa, S\u00fcdamerika und im Nahen Osten gef\u00fchrt haben.<\/p>\n<p>In Berlin, betrieben wir von 2012 bis ca. 2020 eine offene Werkstatt zu Fahrradbau und Reperatur auf den\u00a0<a href=\"http:\/\/prinzessinnengarten.net\/projekte\/kooperationsprojekte-vor-ort\/offene-fahrradwerkstatt\/\" target=\"_blank\" rel=\"noopener\"> Prinzessineng\u00e4rten<\/a> (Moritzplatz). Aufgrund von Zeit- &amp; Freiwilligenmangel haben wir nun Container und Werkzeuge an ein anderes soziales Fahrradkollektiv abgegeben: <a href=\"http:\/\/www.faradgang.de\/\">Die Fahrradgang<\/a> die unsere Vision weiterf\u00fchrt.<br \/>\nAu\u00dferdem gibt es ein w\u00f6chentliches offenes Zirkustraining bei <a href=\"http:\/\/www.cabuwazi.de\/Standorte\/Tempelhof.php\">Cabuwazi &#8211; Tempelhof<\/a> (checkt die \u00d6ffnungszeiten mit <a href=\"https:\/\/www.facebook.com\/konstantin.grimm\">Konstantin<\/a>). Dort gibt es Raum und M\u00f6glichkeit f\u00fcr Austausch und Training um neue Ideen ins Leben zu bringen.<\/p>\n<p><a href=\"http:\/\/jonglirium.com\/wp-content\/uploads\/2017\/07\/Radcontainer-43.jpg\"><img loading=\"lazy\" class=\"alignnone wp-image-61\" src=\"http:\/\/jonglirium.com\/wp-content\/uploads\/2017\/07\/Radcontainer-43-200x300.jpg\" alt=\"\" width=\"133\" height=\"200\" srcset=\"https:\/\/jonglirium.com\/wp-content\/uploads\/2017\/07\/Radcontainer-43-200x300.jpg 200w, https:\/\/jonglirium.com\/wp-content\/uploads\/2017\/07\/Radcontainer-43-768x1152.jpg 768w, https:\/\/jonglirium.com\/wp-content\/uploads\/2017\/07\/Radcontainer-43-683x1024.jpg 683w\" sizes=\"(max-width: 133px) 100vw, 133px\" \/><\/a>\u00a0<a href=\"http:\/\/jonglirium.com\/wp-content\/uploads\/2017\/07\/Social-Circus-01.jpg\"><img loading=\"lazy\" class=\"alignnone wp-image-89\" src=\"http:\/\/jonglirium.com\/wp-content\/uploads\/2017\/07\/Social-Circus-01-300x200.jpg\" alt=\"\" width=\"300\" height=\"200\" srcset=\"https:\/\/jonglirium.com\/wp-content\/uploads\/2017\/07\/Social-Circus-01-300x200.jpg 300w, https:\/\/jonglirium.com\/wp-content\/uploads\/2017\/07\/Social-Circus-01-768x512.jpg 768w, https:\/\/jonglirium.com\/wp-content\/uploads\/2017\/07\/Social-Circus-01-1024x683.jpg 1024w\" sizes=\"(max-width: 300px) 100vw, 300px\" \/>\u00a0<\/a><a href=\"http:\/\/jonglirium.com\/wp-content\/uploads\/2017\/07\/Trauenstein-Zirkus-6.jpg\"><img loading=\"lazy\" class=\"alignnone wp-image-48\" src=\"http:\/\/jonglirium.com\/wp-content\/uploads\/2017\/07\/Trauenstein-Zirkus-6-200x300.jpg\" alt=\"\" width=\"133\" height=\"200\" srcset=\"https:\/\/jonglirium.com\/wp-content\/uploads\/2017\/07\/Trauenstein-Zirkus-6-200x300.jpg 200w, https:\/\/jonglirium.com\/wp-content\/uploads\/2017\/07\/Trauenstein-Zirkus-6-768x1152.jpg 768w, https:\/\/jonglirium.com\/wp-content\/uploads\/2017\/07\/Trauenstein-Zirkus-6-683x1024.jpg 683w\" sizes=\"(max-width: 133px) 100vw, 133px\" \/><\/a><\/p>\n<p>W\u00e4hrend unserer Projekte versuchen wir die kreativen Seiten in uns und den Menschen mit denen wir arbeiten zu sehen und anzusprechen. Wir arbeiten mit einer internationalen Gruppe an Trainern die k\u00fcnstlerischen Hintergrund (Performance, Musik, Theater, Handwerk) mit p\u00e4dagogischem Know-How kombinieren. So entstehen kontinuierlich neue innovative Ideen die das miteinander arbeiten, leben und kommunizieren spannend und lebendig machen, Wir hinterfragen existierende repressive Strukturen und helfen eigene, kollektive und neue Wege zu finden um Konflikte zu l\u00f6sen. Zirkus, Musik und Theater geben dazu wertvolle Anreize um pers\u00f6nliche Entwicklungen und neue Erfahrungen zu machen, was besonders in l\u00e4ndlichen Gebieten von Bedeutung ist, wo es weniger M\u00f6glichkeiten f\u00fcr erf\u00fcllende Arbeit oder Freizeitbesch\u00e4ftigung gibt.<\/p>\n<p><a href=\"http:\/\/jonglirium.com\/wp-content\/uploads\/2017\/07\/Almatyinternat_6.jpg\"><img loading=\"lazy\" class=\"alignnone wp-image-160\" src=\"http:\/\/jonglirium.com\/wp-content\/uploads\/2017\/07\/Almatyinternat_6-300x225.jpg\" alt=\"\" width=\"267\" height=\"200\" srcset=\"https:\/\/jonglirium.com\/wp-content\/uploads\/2017\/07\/Almatyinternat_6-300x225.jpg 300w, https:\/\/jonglirium.com\/wp-content\/uploads\/2017\/07\/Almatyinternat_6.jpg 640w\" sizes=\"(max-width: 267px) 100vw, 267px\" \/>\u00a0<\/a><a href=\"http:\/\/jonglirium.com\/wp-content\/uploads\/2016\/09\/IMG_2711.jpg\"><img loading=\"lazy\" class=\"alignnone size-medium wp-image-154\" src=\"http:\/\/jonglirium.com\/wp-content\/uploads\/2016\/09\/IMG_2711-300x200.jpg\" alt=\"\" width=\"300\" height=\"200\" srcset=\"https:\/\/jonglirium.com\/wp-content\/uploads\/2016\/09\/IMG_2711-300x200.jpg 300w, https:\/\/jonglirium.com\/wp-content\/uploads\/2016\/09\/IMG_2711-768x512.jpg 768w, https:\/\/jonglirium.com\/wp-content\/uploads\/2016\/09\/IMG_2711-1024x683.jpg 1024w\" sizes=\"(max-width: 300px) 100vw, 300px\" \/><\/a> <a href=\"http:\/\/jonglirium.com\/wp-content\/uploads\/2017\/07\/CSC_0707.jpg\"><img loading=\"lazy\" class=\"alignnone wp-image-162\" src=\"http:\/\/jonglirium.com\/wp-content\/uploads\/2017\/07\/CSC_0707-300x200.jpg\" alt=\"\" width=\"300\" height=\"200\" srcset=\"https:\/\/jonglirium.com\/wp-content\/uploads\/2017\/07\/CSC_0707-300x200.jpg 300w, https:\/\/jonglirium.com\/wp-content\/uploads\/2017\/07\/CSC_0707-768x511.jpg 768w, https:\/\/jonglirium.com\/wp-content\/uploads\/2017\/07\/CSC_0707.jpg 922w\" sizes=\"(max-width: 300px) 100vw, 300px\" \/><\/a><\/p>\n<p>Wir haben in unseren Projekten auch einen Fokus auf Nachhaltigkeit und Umweltschutz um eine Bewusstheit f\u00fcr das Ma\u00df der fortlaufenden Zerst\u00f6rung unseres Planeten zu schaffen und um praktische und kreative L\u00f6sungen aufzuzeigen.<\/p>\n<p>Zwei Projektorte wo zusammen gelebt und gearbeitet wird wachsen in Deutschland und Catalonien: Gut Alaune bei Halle und\u00a0<a href=\"https:\/\/www.flickr.com\/photos\/65125190@N04\/sets\/72157670306564325\" target=\"_blank\" rel=\"noopener\">Can Bosc<\/a>\u00a0in der N\u00e4he von Barcelona.<\/p>\n<p>Einige unseren Partnern und Unterst\u00fctzern sind:<\/p>\n<ul>\n<li><a href=\"http:\/\/www.sbs.com.au\/news\/article\/2015\/08\/11\/healing-war-wounds-meet-syrias-circus-exile\" target=\"_blank\" rel=\"noopener\">Cirque Syria<\/a> in Al Zaatri (Jordanien)<\/li>\n<li><a href=\"http:\/\/sirkusmagenta.fi\/wp3\/in-english\/\" target=\"_blank\" rel=\"noopener\">Sirkus Magenta<\/a> (Finnland)<\/li>\n<li><a href=\"http:\/\/www.palcircus.ps\/\" target=\"_blank\" rel=\"noopener\">Palestinian Circus School<\/a><\/li>\n<li><a href=\"http:\/\/nomadways.eu\/en\/\" target=\"_blank\" rel=\"noopener\">nomadways<\/a> (Frankreich)<\/li>\n<li><a href=\"http:\/\/www.soyop.org\/en\/homepage\/\" target=\"_blank\" rel=\"noopener\">SOYOP<\/a> (T\u00fcrkei)<\/li>\n<li><a href=\"http:\/\/akustikum.org\/\" target=\"_blank\" rel=\"noopener\">akustikum<\/a> (Bosnien)<\/li>\n<li><a href=\"http:\/\/www.leganes.org\/dejovenes\/\" target=\"_blank\" rel=\"noopener\">dejovenes<\/a> (Spanien)<\/li>\n<\/ul>\n<p>Am wichtigsten in unseren Projekten ist schlie\u00dflich die FREUDE &#8211; das Element was alle zusammenbringt und verbindet! In unseren Projekten ist der Prozess stets wichtiger als das Produkt &#8211; im Gegensatz zu Erfahrungen in Alltagsstrukturen wie Job und Schule.<\/p>\n<p>Ein Projekt ist immer nur so gut wie die Leute die dahinter stehen! Wir freuen uns \u00fcber jede Unterst\u00fctzung! Schreibt uns wenn ihr helfen wollt oder \u00a0oder tragt euch in die mailingliste ein wenn ihr bei einem n\u00e4chsten Projekt dabei sein wollt. Auch Ideen f\u00fcr eigene Projekte sind immer willkommen, <a href=\"http:\/\/jonglirium.com\/index.php\/de\/kontakt\/\">Schreibt uns!<\/a><\/p>\n<script>(function() {\n\twindow.mc4wp = window.mc4wp || {\n\t\tlisteners: [],\n\t\tforms: {\n\t\t\ton: function(evt, cb) {\n\t\t\t\twindow.mc4wp.listeners.push(\n\t\t\t\t\t{\n\t\t\t\t\t\tevent   : evt,\n\t\t\t\t\t\tcallback: cb\n\t\t\t\t\t}\n\t\t\t\t);\n\t\t\t}\n\t\t}\n\t}\n})();\n<\/script><!-- Mailchimp for WordPress v4.9.17 - https:\/\/wordpress.org\/plugins\/mailchimp-for-wp\/ --><form id=\"mc4wp-form-1\" class=\"mc4wp-form mc4wp-form-4\" method=\"post\" data-id=\"4\" data-name=\"\" ><div class=\"mc4wp-form-fields\"><p>\r\n  Subscribe here for our newsletter:\r\n    <input type=\"text\" name=\"FNAME\" placeholder=\"whats your name?\">\r\n<\/p>\r\n<p>\r\n\t<input type=\"email\" name=\"EMAIL\" placeholder=\"Your email address\" required \/>\r\n<\/p>\r\n\r\n<p>\r\n\t<input type=\"submit\" value=\"Sign up\" \/>\r\n<\/p><\/div><label style=\"display: none !important;\">Leave this field empty if you're human: <input type=\"text\" name=\"_mc4wp_honeypot\" value=\"\" tabindex=\"-1\" autocomplete=\"off\" \/><\/label><input type=\"hidden\" name=\"_mc4wp_timestamp\" value=\"1776961311\" \/><input type=\"hidden\" name=\"_mc4wp_form_id\" value=\"4\" \/><input type=\"hidden\" name=\"_mc4wp_form_element_id\" value=\"mc4wp-form-1\" \/><div class=\"mc4wp-response\"><\/div><\/form><!-- \/ Mailchimp for WordPress Plugin -->\n","protected":false},"excerpt":{"rendered":"<p>Wir haben den gemeinn\u00fctzigen Verein Jonglirium e.V. im Fr\u00fchjahr 2010 gegr\u00fcndet um unser erstes Projekt 2wheels4change, einen sozialen Zirkus auf Fahrr\u00e4dern zu unterst\u00fctzen. Damals ist eine internationale Gruppe von K\u00fcnstlern und P\u00e4dagogen auf Fahrr\u00e4dern von Berlin bis in die Mongolei und weit dar\u00fcber hinaus geradelt. Unterwegs haben wir mit Kindern und Jugendlichen in schwierigen Verh\u00e4ltnissen [&hellip;]<\/p>\n","protected":false},"author":3,"featured_media":159,"parent":0,"menu_order":0,"comment_status":"closed","ping_status":"closed","template":"","meta":[],"_links":{"self":[{"href":"https:\/\/jonglirium.com\/index.php\/wp-json\/wp\/v2\/pages\/272"}],"collection":[{"href":"https:\/\/jonglirium.com\/index.php\/wp-json\/wp\/v2\/pages"}],"about":[{"href":"https:\/\/jonglirium.com\/index.php\/wp-json\/wp\/v2\/types\/page"}],"author":[{"embeddable":true,"href":"https:\/\/jonglirium.com\/index.php\/wp-json\/wp\/v2\/users\/3"}],"replies":[{"embeddable":true,"href":"https:\/\/jonglirium.com\/index.php\/wp-json\/wp\/v2\/comments?post=272"}],"version-history":[{"count":5,"href":"https:\/\/jonglirium.com\/index.php\/wp-json\/wp\/v2\/pages\/272\/revisions"}],"predecessor-version":[{"id":1522,"href":"https:\/\/jonglirium.com\/index.php\/wp-json\/wp\/v2\/pages\/272\/revisions\/1522"}],"wp:featuredmedia":[{"embeddable":true,"href":"https:\/\/jonglirium.com\/index.php\/wp-json\/wp\/v2\/media\/159"}],"wp:attachment":[{"href":"https:\/\/jonglirium.com\/index.php\/wp-json\/wp\/v2\/media?parent=272"}],"curies":[{"name":"wp","href":"https:\/\/api.w.org\/{rel}","templated":true}]}}