{"id":476,"date":"2018-02-23T19:25:41","date_gmt":"2018-02-23T18:25:41","guid":{"rendered":"http:\/\/jonglirium.com\/?page_id=476"},"modified":"2025-11-26T18:11:23","modified_gmt":"2025-11-26T17:11:23","slug":"das-team","status":"publish","type":"page","link":"https:\/\/jonglirium.com\/index.php\/de\/ueber-uns\/das-team\/","title":{"rendered":"Das Team!"},"content":{"rendered":"\n<p>Lernt die Denker, Tr\u00e4umer und Macher hinter Jonglirium kennen:<\/p>\n\n\n\n<div class=\"wp-block-image\"><figure class=\"alignleft is-resized\"><img src=\"http:\/\/jonglirium.com\/wp-content\/uploads\/2018\/02\/team-tyle-2.jpg\" alt=\"tyle\" width=\"150\"\/><\/figure><\/div>\n\n\n\n<p>TYLE FERN\u00c1NDEZ<br>Mitbegr\u00fcnder&#8217;in von Jonglirium, tyle reiste viel mit&nbsp;<a style=\"background-color: #ffffff; font-size: 18.24px;\" rel=\"noopener\" href=\"http:\/\/www.antagon.de\/\" target=\"_blank\">antagon theaterAKTion<\/a>&nbsp;und anderen&nbsp;<a style=\"background-color: #ffffff; font-size: 18.24px;\" rel=\"noopener\" href=\"https:\/\/www.youtube.com\/playlist?list=PLTqnZANa0FL17FiulK_zItIQJKzXpIGKc\" target=\"_blank\">Performance-Gruppen<\/a>, bevor sie darauf bestand,&nbsp;<a style=\"background-color: #ffffff; font-size: 18.24px;\" rel=\"noopener\" href=\"https:\/\/www.flickr.com\/photos\/65125190@N04\/albums\/72157678441443078\" target=\"_blank\">Tallbikes<\/a>&nbsp;f\u00fcr die vielen&nbsp;<a style=\"background-color: #ffffff; font-size: 18.24px;\" rel=\"noopener\" href=\"https:\/\/2wheels4change.shutterfly.com\/\" target=\"_blank\">2wheels4change<\/a>-Reisen zu bauen. tyle ist ein nomadisches Musiker&#8217;in und Stelzenk\u00fcnstler&#8217;in, das nicht-bin\u00e4r ist, neutrale und weibliche Pronomen verwendet und ihren Namen k\u00fcnstlerisch in Kleinbuchstaben schreibt. Geboren 1978 in San Francisco, wuchs tyle auf US-Milit\u00e4rst\u00fctzpunkten in Deutschland und Japan auf, aber als erwachsener rebellischer Vollzeit-Clown ist tyle Antikrieg und sch\u00e4tzt Anarchie (was im Grunde Do-it-yourself und gegenseitige Unterst\u00fctzung zwischen autonomen Gruppen bedeutet) sowie Transfeminismus und Gemeinschaftsbildung. Schlie\u00dflich versucht tyle sich niederzulassen und hilft dabei, eine l\u00e4ndliche Wohngemeinschaft in der N\u00e4he von Barcelona zu erhalten. tyle tritt derzeit mit der Band&nbsp;<a style=\"background-color: #ffffff; font-size: 18.24px;\" rel=\"noopener\" href=\"http:\/\/www.lasmarikarmen.com\/\" target=\"_blank\">Las Marikarmen<\/a>, den Zirkuskompanien &nbsp;<a style=\"background-color: #ffffff; font-size: 18.24px;\" rel=\"noopener\" href=\"http:\/\/www.victoriasickness.com\/\" target=\"_blank\">Victoria Sickness<\/a>&nbsp;und&nbsp;<a style=\"background-color: #ffffff; font-size: 18.24px;\" rel=\"noopener\" href=\"http:\/\/www.ciafiligranes.net\/en\/shows\/freakfrac\/\" target=\"_blank\">Filigranes<\/a>&nbsp;auf, unterrichtet Musik und Theater und organisiert ERASMUS+&nbsp;<a style=\"background-color: #ffffff; font-size: 18.24px;\" rel=\"noopener\" href=\"https:\/\/www.youtube.com\/playlist?list=PLTqnZANa0FL0xj8VgE8lE0nIYsaZBhMZk\" target=\"_blank\">Jugendaustausche<\/a>.<\/p>\n\n\n\n<hr class=\"wp-block-separator\"\/>\n\n\n\n<div class=\"wp-block-image\"><figure class=\"alignleft is-resized\"><img src=\"http:\/\/jonglirium.com\/wp-content\/uploads\/2018\/02\/Felix-291x300.jpg\" alt=\"\" width=\"150\"\/><\/figure><\/div>\n\n\n\n<p>FELIX FISCHER<br>Felix ist einer der Netzwerkler bei Jonglirum. Er liebt es kollektive und k\u00fcnstlerische Projekte mit Prozessen pers\u00f6nlichen Wachstums zu verbinden. Mit Freunden und Kollegen hat er diese NGO gegr\u00fcndet, um soziale Zirkusmusik und Theater auf der ganzen Welt zu unterst\u00fctzen &#8230; und unser Netzwerk von K\u00fcnstlern, Performer und P\u00e4dagogen ist lebendig und munter. Er hat an der Humboldt-Universit\u00e4t (Berlin) Zirkus- und Sonderp\u00e4dagogik (mit Schwerpunkt auf herausforderndes Verhalten und geistiger Behinderung) studiert und ist sehr dankbar f\u00fcr eine sinnvolle M\u00f6glichkeit, seine F\u00e4higkeiten in Projekten zu vereinen, die Chancen und Horizonte f\u00fcr alle Beteiligten schaffen. Er ist leidenschaftlicher Akrobat und Musiker und tritt unter Anderem mit der <a rel=\"noopener\" href=\"https:\/\/www.facebook.com\/FourStringCompany\/\" target=\"_blank\">FourStringCompany.<\/a>&nbsp;auf.&nbsp;Au\u00dferdem hat er 2016 in Halle (Saale) einen sch\u00f6nen&nbsp;<a rel=\"noopener\" href=\"http:\/\/www.gutalaune.de\/\" target=\"_blank\">Projektraum<\/a>&nbsp;in der Natur gestartet &#8211; schaut vorbeit!<\/p>\n\n\n\n<hr class=\"wp-block-separator\"\/>\n\n\n\n<div class=\"wp-block-image\"><figure class=\"alignleft size-thumbnail\"><img loading=\"lazy\" width=\"150\" height=\"150\" src=\"https:\/\/jonglirium.com\/wp-content\/uploads\/2025\/05\/polina-6-150x150.jpg\" alt=\"\" class=\"wp-image-1837\" srcset=\"https:\/\/jonglirium.com\/wp-content\/uploads\/2025\/05\/polina-6-150x150.jpg 150w, https:\/\/jonglirium.com\/wp-content\/uploads\/2025\/05\/polina-6-300x300.jpg 300w, https:\/\/jonglirium.com\/wp-content\/uploads\/2025\/05\/polina-6-1024x1024.jpg 1024w, https:\/\/jonglirium.com\/wp-content\/uploads\/2025\/05\/polina-6-768x768.jpg 768w, https:\/\/jonglirium.com\/wp-content\/uploads\/2025\/05\/polina-6-510x510.jpg 510w, https:\/\/jonglirium.com\/wp-content\/uploads\/2025\/05\/polina-6.jpg 1278w\" sizes=\"(max-width: 150px) 100vw, 150px\" \/><\/figure><\/div>\n\n\n\n<p class=\"has-text-align-left\">POLINA TIKK <br>Polina ist eine in Berlin lebende Kulturvermittlerin, S\u00e4ngerin und Performerin, deren Schwerpunkte auf Gemeinschaftsbildung, kreativem Ausdruck und Solidarit\u00e4t liegen. Sie hat internationale, von Jugendlichen geleitete Projekte mit NGOs wie <a href=\"https:\/\/www.instagram.com\/lernlabor.berlin\">Lernlabor<\/a> und The Palace Collective geleitet und unterst\u00fctzt und ist derzeit Teil von FOKUS Kompetenz, einem langfristigen Ausbildungsprogramm f\u00fcr Fachkr\u00e4fte in der internationalen Jugendarbeit (Erasmus+ \/ JUGEND f\u00fcr Europa).<\/p>\n\n\n\n<p>Polina arbeitet an der Schnittstelle von Mentoring, Performance und Kuration. Sie hat mit Gruppen wie dem Queer-Chor <a href=\"https:\/\/www.instagram.com\/singen3000\" data-type=\"URL\" data-id=\"https:\/\/www.instagram.com\/singen3000\">Singen3000<\/a>, zusammengearbeitet, Parallel, eine deutsch-georgische Kreativresidenz (2021), kuratiert und &#8216;Das Zwischen: between dreams and demolition&#8217; (2024) organisiert \u2013 ein Forum \u00fcber tempor\u00e4re Musikr\u00e4ume im <a href=\"https:\/\/www.90mil.berlin\/\" data-type=\"URL\" data-id=\"https:\/\/www.90mil.berlin\/\">90mil<\/a>, wo sie regelm\u00e4\u00dfig mitarbeitet. In ihrer Arbeit schafft sie R\u00e4ume f\u00fcr Begegnung, Reflexion und kollektives Handeln. Als S\u00e4ngerin und Performerin ist sie in den Bereichen Musik, Theater und aktivistische Kunst t\u00e4tig.<\/p>\n\n\n\n<hr class=\"wp-block-separator\"\/>\n\n\n\n<div class=\"wp-block-image\"><figure class=\"alignleft\"><a href=\"http:\/\/jonglirium.com\/wp-content\/uploads\/2018\/08\/abuela-web.jpg\"><img src=\"http:\/\/jonglirium.com\/wp-content\/uploads\/2018\/08\/abuela-web-150x150.jpg\" alt=\"\"\/><\/a><\/figure><\/div>\n\n\n\n<p>VICTORIA HEREDERO<br>Auch bekannt als Abuela, Grandma, Oma&#8230; V\u00edctoria ist Akrobat und professionelle Cyr-Rad-Performerin aus Legan\u00e9s (Madrid), die seit 2008 in der sozialen Bildung t\u00e4tig ist. Sie studierte Zirkus, Performance und sozialen Zirkus in Barcelona seit 2015. Sie lebte in Italien, Deutschland, \u00d6sterreich und jetzt in Spanien in verschiedenen Wohngemeinschaften und Projekten. Immer in sozialen Wandel und engagiert in der LGBTQ+ Gemeinschaft, sie macht Sprechgesang und spielt Saxophon und Querfl\u00f6te in&nbsp;<a style=\"background-color: #ffffff; font-size: 18.24px;\" rel=\"noopener\" href=\"http:\/\/www.lasmarikarmen.com\/\" target=\"_blank\">Las Marikarmen<\/a>&nbsp;und gr\u00fcndete die Zirkuskompanie&nbsp;<a style=\"background-color: #ffffff; font-size: 18.24px;\" rel=\"noopener\" href=\"http:\/\/www.victoriasickness.com\/\" target=\"_blank\">Victoria Sickness.<\/a><\/p>\n\n\n\n<hr class=\"wp-block-separator\"\/>\n\n\n\n<div class=\"wp-block-image\"><figure class=\"alignleft is-resized\"><a href=\"http:\/\/jonglirium.com\/wp-content\/uploads\/2018\/08\/IMG_1645.jpg\"><img src=\"http:\/\/jonglirium.com\/wp-content\/uploads\/2018\/08\/IMG_1645-e1533479128171.jpg\" alt=\"\" width=\"150\"\/><\/a><\/figure><\/div>\n\n\n\n<p>MR SUPER FUNKY FRESH<br>Absoluter Fan von selbst produzierten ektronischem Musik, selbst gebauten Robotor, selbst programierten Computerspiele und selbst componierten Rap. Er macht Auftritte mit einem zusammengebastelten Hip-Hop-Bauchladen voll mit Ger\u00e4ten, die die Stimmen und Ger\u00e4usche des Publikums aufnimmt und verzerrt und in interaktiven Lieder umwandelt. Hamburg ist Zuhause, wo er bei <a rel=\"noopener\" href=\"https:\/\/www.muse-content.com\" target=\"_blank\">MuSe Content<\/a> und auch als Tontechniker, DJ, Musikproduzent, Rapper und Vater arbeitet. Seine 2. Lieblingsbesch\u00e4ftigung ist es, auf einer Luftmatratze Fl\u00fcsse herunterzufliessen.<\/p>\n\n\n\n<p><\/p>\n\n\n\n<hr class=\"wp-block-separator\"\/>\n\n\n\n<div class=\"wp-block-image\"><figure class=\"alignleft is-resized\"><a href=\"http:\/\/jonglirium.com\/wp-content\/uploads\/2018\/08\/MG_4996.jpg\"><img src=\"http:\/\/jonglirium.com\/wp-content\/uploads\/2018\/08\/MG_4996-e1533476573644.jpg\" alt=\"\" width=\"150\"\/><\/a><\/figure><\/div>\n\n\n\n<p>MARTA WITECKA&nbsp;<br>Marta hat nach dem Jura Studium so weit wie nur denkbar von einer Karriere im Rechtswesen entfernt &#8211; und ist froh dar\u00fcber. Marta unterrichtet&nbsp;<a style=\"background-color: #ffffff; font-size: 18.24px;\" rel=\"noopener\" href=\"http:\/\/www.martawitecka.com\/\" target=\"_blank\">Handstand, Acroyoga und Yoga<\/a>&nbsp;und teilt so ihre Liebe zur Bewegung mit Menschen aus aller Welt. Sie organisierte jedes Jahr Kurse und Events und \u00fcbernimmt nun in Jonglirum mehr und mehr die Au\u00dfenkommunikation und steuert das ihre zu den wundersch\u00f6nen Projekte bei die immer wieder wachsen wollen. Da hilft ihre hat eine Leidenschaft sch\u00f6ne R\u00e4ume zu schaffen um sich zu begegnen, zu teilen&nbsp; und voneinander zu lernen!<\/p>\n\n\n\n<hr class=\"wp-block-separator\"\/>\n\n\n\n<div class=\"wp-block-image\"><figure class=\"alignleft is-resized\"><img src=\"http:\/\/jonglirium.com\/wp-content\/uploads\/2019\/02\/22339466_10155213276678525_3796519844911542700_o-e1549379926772-247x300.jpg\" alt=\"\" width=\"150\"\/><\/figure><\/div>\n\n\n\n<p>DOROTHEA FL\u00c4MIG<br>Dorothea (Dorli) ist unsere T\u00fcrkei Connection &#8211; sie mischt heftig im mit im nahen Osten und hat z.B. das Projekt&nbsp;<a style=\"background-color: #ffffff; font-size: 18.24px;\" rel=\"noopener\" href=\"http:\/\/jonglirium.com\/index.php\/de\/2018\/02\/05\/kuenst-fuer-sozialen-wandel-ein-laboratorium\/\" target=\"_blank\">&#8216;Art4SocialChange&#8217;<\/a>&nbsp;initiiert &#8211; einen Deutsch-T\u00fcrkischen Austausch f\u00fcr Jugendarbeiter. Bei Jonglirium schreibt sie Projekte und Antr\u00e4ge und k\u00fcmmert sich um Management &amp; F\u00f6rderung. Sie hat Politik- und Medienwissenschaften studiert und beendet grade ihr Buchkunst Studium in Halle. Sie spricht und singt in vielen Sprachen und hat einen erstaunlichen Schatz an Kinderliedern und -spielen!<\/p>\n\n\n\n<p><\/p>\n\n\n\n<hr class=\"wp-block-separator\"\/>\n\n\n\n<div class=\"wp-block-image\"><figure class=\"alignleft is-resized\"><a href=\"http:\/\/jonglirium.com\/wp-content\/uploads\/2018\/08\/baz2cy9m-e1535236003583.bmp\"><img src=\"http:\/\/jonglirium.com\/wp-content\/uploads\/2018\/08\/baz2cy9m-e1535236003583-268x300.bmp\" alt=\"\" width=\"150\"\/><\/a><\/figure><\/div>\n\n\n\n<p><b>RICHARD KIMBERLEY<br><\/b>Richard, (der gro\u00dfe Brite des Teams) lebt und arbeitet als Performer, Lehrer, Spiel- &amp; Gruppen Facilitator. Er war seit 8 Jahren immer wieder dabei wenn es bei Jonglirium zur Sache ging&#8230; Mehr zu seiner k\u00fcnsterischen Recherche zu Theater, Musik und Lehre auf:&nbsp; &#8216;<a rel=\"noopener\" href=\"http:\/\/www.fromtheplayns.com\/\" target=\"_blank\">From The Playns<\/a>&#8216; Er lebt mit Felix in einer kleinen K\u00fcnstlergemeinschaft und liebt Spiele, Ukulelen, B\u00e4lle und Kekse. Am gl\u00fccklichsten ist er wenn er in einem gro\u00dfen leeren Raum mit Holzboden und etwa 15 anderen Menschen ist &#8230;<\/p>\n\n\n\n<p><\/p>\n\n\n\n<p><\/p>\n\n\n\n<hr class=\"wp-block-separator\"\/>\n\n\n\n<div class=\"wp-block-image\"><figure class=\"alignleft is-resized\"><a href=\"http:\/\/jonglirium.com\/wp-content\/uploads\/2018\/08\/MG_5345-e1533477139628.jpg\"><img src=\"http:\/\/jonglirium.com\/wp-content\/uploads\/2018\/08\/MG_5345-e1533477139628.jpg\" alt=\"\" width=\"150\"\/><\/a><\/figure><\/div>\n\n\n\n<p><b>LEONIE HENZ<br><\/b>Leonie arbeitet seit vielen Jahren mit Kindern &amp; Jugendlichen (oft mit Migrationshintergrund) und hat einen Abschluss als Grundschullehrerin und Lehrerin f\u00fcr Deutsch als Zweitsprache. Sie leitet regelm\u00e4\u00dfig Jugendgruppen im Bereich Luftartistik, Akrobatik und Klettern und absolvierte eine Ausbildung als Kletterbetreuerin und Jugendleiterin beim Deutschen Alpenverein.<\/p>\n\n\n\n<p><\/p>\n\n\n\n<p><\/p>\n\n\n\n<hr class=\"wp-block-separator\"\/>\n\n\n\n<div class=\"wp-block-image\"><figure class=\"alignleft is-resized\"><a href=\"http:\/\/jonglirium.com\/wp-content\/uploads\/2021\/09\/DSCF7281-e1630921540439.jpg\"><img src=\"http:\/\/jonglirium.com\/wp-content\/uploads\/2021\/09\/DSCF7281-e1630921530117-300x273.jpg\" alt=\"\" width=\"150\"\/><\/a><\/figure><\/div>\n\n\n\n<p><b>MIRIAM GRACIA BERGES<br><\/b>Luftartistin und interkulturelle P\u00e4dagogin. Miriam wohnt zurzeit in Berlin, wurde in Spanien geboren und ist der Meinung, dass Kunst nicht nur ein m\u00e4chtiges soziales Werkzeug ist, sondern auch ein politisches: deswegen versucht sie, dies mit ihren politischen Perspektiven und (radikaler) P\u00e4dagogik zu verbinden. Normalerweise arbeitet sie als Zirkustrainerin in p\u00e4dagogischen und sozialen Projekten, vor allem mit Kindern, tritt aber auch mit ihren Luftrequisiten auf, und mit Solos, die sich eher mit subversiven Themen besch\u00e4ftigen. Sie war zweimal mit&nbsp;<a rel=\"noopener\" href=\"https:\/\/zirkrobajka.wordpress.com\/author\/zirkrobajka\/\" target=\"_blank\">Zirkrobajka<\/a>&nbsp;unterwegs und ist Teil des&nbsp;<a rel=\"noopener\" href=\"http:\/\/baemkollektiv.de\/\" target=\"_blank\">B\u00c4M Kollektivs<\/a>. Sie findet typische Luftnummern mit Glitzerm\u00e4dchen und Oberk\u00f6rperfreien Typen furchtbar langweilig und tritt gerne bei DIY Events und Projekten auf.<\/p>\n\n\n\n<hr class=\"wp-block-separator\"\/>\n\n\n\n<p>NAOMI WARNDORFF<\/p>\n\n\n\n<div class=\"wp-block-image\"><figure class=\"alignleft\"><a href=\"http:\/\/jonglirium.com\/wp-content\/uploads\/2021\/10\/naomi-warndorff-2021.png\"><img src=\"http:\/\/jonglirium.com\/wp-content\/uploads\/2021\/10\/naomi-warndorff-2021-150x150.png\" alt=\"Naomi Warndorff\"\/><\/a><\/figure><\/div>\n\n\n\n<p>Naomi mag gerne Lernprozesse begleiten und hat fast jede darstellende Kunst ausprobiert &#8212; singen, Instrumente spielen, Gedichte und Spoken Word, Komposition, Tanz, Akrobatik, K\u00f6rpertheater, Clown. 2022 studiert sie Zirkus in Frankreich, weil ihr der Zirkus am meisten Spa\u00df macht. Sie hat intensiv mit Erwachsenen und Kindern zusammengearbeitet, indem sie Gesangsimprovisationsworkshops, Ch\u00f6re, Musikentwicklungskurse, emotionale Intelligenzarbeit und zuletzt Zirkuscamps leitete. Naomi liebt wundervolle Gespr\u00e4che, sich bewegen und strecken und Kaffee trinken. Sie liebt auch Herausforderungen, deshalb g\u00f6nnt sie sich derzeit nur einmal in der Woche einen Kaffee. Naomi spricht 5 Sprachen und lebt nomadisch, in dem sie nirgendwo und \u00fcberall zu Hause ist.<\/p>\n\n\n\n<hr class=\"wp-block-separator is-style-default\"\/>\n\n\n\n<p>MAXI SCHREIER<\/p>\n\n\n\n<div class=\"wp-block-image\"><figure class=\"alignleft size-large is-resized\"><a href=\"http:\/\/jonglirium.com\/wp-content\/uploads\/2023\/02\/maxi-1.jpg\"><img loading=\"lazy\" src=\"http:\/\/jonglirium.com\/wp-content\/uploads\/2023\/02\/maxi-1-1024x1024.jpg\" alt=\"\" class=\"wp-image-1620\" width=\"150\" height=\"150\" srcset=\"https:\/\/jonglirium.com\/wp-content\/uploads\/2023\/02\/maxi-1-1024x1024.jpg 1024w, https:\/\/jonglirium.com\/wp-content\/uploads\/2023\/02\/maxi-1-300x300.jpg 300w, https:\/\/jonglirium.com\/wp-content\/uploads\/2023\/02\/maxi-1-150x150.jpg 150w, https:\/\/jonglirium.com\/wp-content\/uploads\/2023\/02\/maxi-1-768x767.jpg 768w, https:\/\/jonglirium.com\/wp-content\/uploads\/2023\/02\/maxi-1-510x510.jpg 510w, https:\/\/jonglirium.com\/wp-content\/uploads\/2023\/02\/maxi-1.jpg 1366w\" sizes=\"(max-width: 150px) 100vw, 150px\" \/><\/a><\/figure><\/div>\n\n\n\n<p>Maxi h\u00fcpft, klettert und springt herum seit ihrer Kindheit. Deswegen schickten ihre Eltern sie zum Akrobatik Training. Was sie bis heute macht! Sie studierte Sonder- und Musikp\u00e4dagogik und bildet sich st\u00e4ndig weiter in Tanz, Schauspiel, Dramaturgy und Clowning. Sie liebt es vielf\u00e4ltige darstellende K\u00fcnste zu verbinden und dabei M\u00f6glichkeiten und Grenzen auszutesten. Am lebendigsten f\u00fchlt sie sich mit Kindern und auf der B\u00fchne!<\/p>\n","protected":false},"excerpt":{"rendered":"<p>Lernt die Denker, Tr\u00e4umer und Macher hinter Jonglirium kennen: TYLE FERN\u00c1NDEZMitbegr\u00fcnder&#8217;in von Jonglirium, tyle reiste viel mit&nbsp;antagon theaterAKTion&nbsp;und anderen&nbsp;Performance-Gruppen, bevor sie darauf bestand,&nbsp;Tallbikes&nbsp;f\u00fcr die vielen&nbsp;2wheels4change-Reisen zu bauen. tyle ist ein nomadisches Musiker&#8217;in und Stelzenk\u00fcnstler&#8217;in, das nicht-bin\u00e4r ist, neutrale und weibliche Pronomen verwendet und ihren Namen k\u00fcnstlerisch in Kleinbuchstaben schreibt. Geboren 1978 in San Francisco, wuchs [&hellip;]<\/p>\n","protected":false},"author":3,"featured_media":26,"parent":272,"menu_order":0,"comment_status":"closed","ping_status":"closed","template":"","meta":[],"_links":{"self":[{"href":"https:\/\/jonglirium.com\/index.php\/wp-json\/wp\/v2\/pages\/476"}],"collection":[{"href":"https:\/\/jonglirium.com\/index.php\/wp-json\/wp\/v2\/pages"}],"about":[{"href":"https:\/\/jonglirium.com\/index.php\/wp-json\/wp\/v2\/types\/page"}],"author":[{"embeddable":true,"href":"https:\/\/jonglirium.com\/index.php\/wp-json\/wp\/v2\/users\/3"}],"replies":[{"embeddable":true,"href":"https:\/\/jonglirium.com\/index.php\/wp-json\/wp\/v2\/comments?post=476"}],"version-history":[{"count":56,"href":"https:\/\/jonglirium.com\/index.php\/wp-json\/wp\/v2\/pages\/476\/revisions"}],"predecessor-version":[{"id":1912,"href":"https:\/\/jonglirium.com\/index.php\/wp-json\/wp\/v2\/pages\/476\/revisions\/1912"}],"up":[{"embeddable":true,"href":"https:\/\/jonglirium.com\/index.php\/wp-json\/wp\/v2\/pages\/272"}],"wp:featuredmedia":[{"embeddable":true,"href":"https:\/\/jonglirium.com\/index.php\/wp-json\/wp\/v2\/media\/26"}],"wp:attachment":[{"href":"https:\/\/jonglirium.com\/index.php\/wp-json\/wp\/v2\/media?parent=476"}],"curies":[{"name":"wp","href":"https:\/\/api.w.org\/{rel}","templated":true}]}}